{"id":2,"date":"2018-02-07T11:29:48","date_gmt":"2018-02-07T11:29:48","guid":{"rendered":"https:\/\/eurem.si\/?page_id=2"},"modified":"2025-06-06T13:44:29","modified_gmt":"2025-06-06T12:44:29","slug":"sample-page","status":"publish","type":"page","link":"https:\/\/eurem.si\/","title":{"rendered":"Izobra\u017eevanje EUREM &#8211; Evropski energetski mened\u017eer"},"content":{"rendered":"<h2>Kako se je za\u010delo?<\/h2>\n<p>Izobra\u017eevalni program\u00a0\u00bbEvropski energetski mened\u017eer \u2013 EUREM\u00ab so\u00a0razvili in certificirali v Nem\u010diji leta 1997. Do sedaj\u00a0se je v njegovem okviru v vseh sodelujo\u010dih dr\u017eavah za u\u010dinkovito gospodarjenje z energijo usposobilo \u017ee ve\u010d kot 6.000 evropskih energetskih mened\u017eerjev.<\/p>\n<p>V Sloveniji smo na\u00a0<a href=\"http:\/\/ceu.ijs.si\" target=\"_blank\" rel=\"nofollow noopener\">Centru za energetsko u\u010dinkovitost <\/a><a href=\"http:\/\/www.ijs.si\">Instituta &#8220;Jo\u017eef Stefan<\/a><a href=\"http:\/\/ceu.ijs.si\" target=\"_blank\" rel=\"nofollow noopener\">&#8220;<\/a> prvo izobra\u017eevanje EUREM uspe\u0161no izvedli leta 2008 v okviru projekta EUREM.NET, financiranega iz programa Evropske komisije Inteligentna energija Evropa. Od tedaj se izobra\u017eevanje ponavlja enkrat na leto. Doslej je bilo izvedenih 15 izobra\u017eevanj, ki jih je uspe\u0161no zaklju\u010dilo 289 evropskih energetskih mened\u017eerjev. Skupni potencial za zmanj\u0161anje rabe energije zaradi izvedbe ukrepov, analiziranih v projektnih nalogah, ki so jih izdelali udele\u017eenci izobra\u017eevanja, je ocenjen na 384 GWh\/leto oz. 32 milijonov evrov stro\u0161kov letno, zmanj\u0161anje emisije CO<sub>2<\/sub> pa na 180 kt\/leto. Ocenjeni stro\u0161ki ukrepov so 135 milijonov EUR, dobra vra\u010danja nalo\u017eb pa 4,2 leta.<\/p>\n<p><a href=\"https:\/\/eurem.si\/wp-content\/uploads\/EUREM_1b.jpg\" data-elementor-open-lightbox=\"default\" data-elementor-lightbox-slideshow=\"2fd1820\" data-elementor-lightbox-index=\"3\"><img decoding=\"async\" src=\"https:\/\/eurem.si\/wp-content\/uploads\/elementor\/thumbs\/EUREM_1b-nlrkpzcaq7npqrth0cehhqax3lxyem4loevgbmwghs.jpg\" alt=\"EUREM_1b\" \/><\/a><\/p>\n<p>Slovenski evropski energetski mened\u017eerji so s svojimi projektnimi nalogami zelo uspe\u0161ni tudi na evropski ravni. V okviru letnih konferenc evropskih energetskih mened\u017eerjev so prejeli \u017ee 16\u00a0nagrad.<\/p>\n<h2>Namen izobra\u017eevanja<\/h2>\n<p>Izobra\u017eevanje\u00a0je osredoto\u010deno na pridobivanje znanj za izvajanje ukrepov u\u010dinkovite rabe energije, ki zagotavljajo srednje do visoko zmanj\u0161anje rabe in stro\u0161kov za energijo ob sprejemljivih investicijskih stro\u0161kih.<\/p>\n<p>Udele\u017eenci se v okviru izobra\u017eevanja usposobijo za pripravo analize energetskega polo\u017eaja v podjetju, tehni\u010dno in organizacijsko pripravo in vodenje projektov u\u010dinkovite rabe energije ter njihovo primerno predstavitev vodstvu podjetja, oceno in zagotavljanje ciljnih prihrankov ter zagotavljanje stalnih izbolj\u0161av v podjetju.<\/p>\n<h2>Ciljna skupina<\/h2>\n<p>Izobra\u017eevanje je namenjeno vsem, ki \u017eelijo dobiti celovit pregled nad podro\u010dji delovanja energetskega mened\u017eerja in pridobiti ustrezna znanja za uspe\u0161no gospodarjenje z energijo, \u0161e zlasti odgovornim osebam za ravnanje z energijo v podjetjih javnega in zasebnega sektorja, upravnikom stavb, vodjem obratov in proizvodnje, procesnim in\u017eenirjem.<\/p>\n<figure><\/figure>\n<figure><\/figure>\n<p>Velikost skupine <strong>je omejena<\/strong> na 15 do najve\u010d 18 udele\u017eencev.<\/p>\n<h2>Obseg, trajanje in kraj izobra\u017eevanja<\/h2>\n<p>Izobra\u017eevanje obsega:<\/p>\n<ol>\n<li><strong>predavanja<\/strong>,<\/li>\n<li><strong>samostojno u\u010denje<\/strong> (re\u0161evanje prakti\u010dnih doma\u010dih nalog),<\/li>\n<li><strong>pisni preizkus znanja<\/strong>,<\/li>\n<li><strong>izdelavo projektne naloge<\/strong> s temo po lastni izbiri pod vodstvom mentorja (prenos znanja v prakso) in<\/li>\n<li><strong>predstavitve in zagovora\u00a0<\/strong>klju\u010dnih ugotovitev iz projektne naloge pred tri\u010dlansko komisijo.<\/li>\n<\/ol>\n<p>Za pridobitev spri\u010devala\/certifikata EVROPSKI ENERGETSKI MENED\u017dER je potrebna <strong>najmanj 80 % udele\u017eba<\/strong> na predavanjih in uspe\u0161no opravljene prej na\u0161tete obveznosti od 2 do 5).<\/p>\n<p>Izobra\u017eevanje traja <strong>efektivno 180 ur<\/strong>. Predavanja so razdeljena na\u00a0<strong>4 sklope<\/strong>,\u00a0<strong>po 3 dni v tednu<\/strong> (\u010detrti sklop 4 dni).<\/p>\n<p>Izobra\u017eevanje poteka na Reaktorskem centru Instituta &#8220;Jo\u017eef Stefan&#8221; v Podgorici pri Ljubljani.<\/p>\n<h2>Cena izobra\u017eevanja<\/h2>\n<p>Cena izobra\u017eevanja zna\u0161a 2.000 EUR (brez DDV) in pokriva stro\u0161ke organizacije, predavanj, gradiv in prehrane v \u010dasu predavanj. Stro\u0161ke je potrebno poravnati pred za\u010detkom izobra\u017eevanja po predra\u010dunu, ki se izda na podlagi od delodajalca\/pla\u010dnika potrjene prijavnice. Ostale pomembne informacije v zvezi s pla\u010dilom stro\u0161kov izobra\u017eevanja so navedene na obrazcu prijavnice.<\/p>\n","protected":false},"excerpt":{"rendered":"<p>Kako se je za\u010delo? Izobra\u017eevalni program\u00a0\u00bbEvropski energetski mened\u017eer \u2013 EUREM\u00ab so\u00a0razvili in certificirali v Nem\u010diji leta 1997. Do sedaj\u00a0se je v njegovem okviru v vseh sodelujo\u010dih dr\u017eavah za u\u010dinkovito gospodarjenje z energijo usposobilo \u017ee ve\u010d kot 6.000 evropskih energetskih mened\u017eerjev. V Sloveniji smo na\u00a0Centru za energetsko u\u010dinkovitost Instituta &#8220;Jo\u017eef Stefan&#8220; prvo izobra\u017eevanje EUREM uspe\u0161no izvedli [&hellip;]<\/p>\n","protected":false},"author":1,"featured_media":158,"parent":0,"menu_order":0,"comment_status":"closed","ping_status":"open","template":"","meta":{"footnotes":""},"class_list":["post-2","page","type-page","status-publish","has-post-thumbnail","hentry"],"_links":{"self":[{"href":"https:\/\/eurem.si\/index.php?rest_route=\/wp\/v2\/pages\/2","targetHints":{"allow":["GET"]}}],"collection":[{"href":"https:\/\/eurem.si\/index.php?rest_route=\/wp\/v2\/pages"}],"about":[{"href":"https:\/\/eurem.si\/index.php?rest_route=\/wp\/v2\/types\/page"}],"author":[{"embeddable":true,"href":"https:\/\/eurem.si\/index.php?rest_route=\/wp\/v2\/users\/1"}],"replies":[{"embeddable":true,"href":"https:\/\/eurem.si\/index.php?rest_route=%2Fwp%2Fv2%2Fcomments&post=2"}],"version-history":[{"count":95,"href":"https:\/\/eurem.si\/index.php?rest_route=\/wp\/v2\/pages\/2\/revisions"}],"predecessor-version":[{"id":573,"href":"https:\/\/eurem.si\/index.php?rest_route=\/wp\/v2\/pages\/2\/revisions\/573"}],"wp:featuredmedia":[{"embeddable":true,"href":"https:\/\/eurem.si\/index.php?rest_route=\/wp\/v2\/media\/158"}],"wp:attachment":[{"href":"https:\/\/eurem.si\/index.php?rest_route=%2Fwp%2Fv2%2Fmedia&parent=2"}],"curies":[{"name":"wp","href":"https:\/\/api.w.org\/{rel}","templated":true}]}}