{"id":208,"date":"2018-02-21T13:02:51","date_gmt":"2018-02-21T12:02:51","guid":{"rendered":"https:\/\/eurem.si\/?page_id=208"},"modified":"2025-02-04T14:26:32","modified_gmt":"2025-02-04T13:26:32","slug":"trenutno-izborazevanje","status":"publish","type":"page","link":"https:\/\/eurem.si\/?page_id=208","title":{"rendered":"EUREM XVII"},"content":{"rendered":"<p>Sedemnajsta skupina kandidatk in kandidatov bo za\u010dela z izobra\u017eevanjem 18. marca 2025. Najprej bodo na programu predavanja, zdru\u017eena v \u0161tiri sklope. Prvi trije bodo trajali po tri dni (torek-\u010detrtek), \u010detrti pa \u0161tiri dni, deljeno po dva dni v dveh zaporednih tednih (torek-sreda).<\/p>\n<p>Predavanja bodo potekala po naslednjem razporedu:<\/p>\n<p><strong>Sklop 1: od 18<\/strong><strong>. do 20. marca 2025<\/strong><\/p>\n<p><strong>Sklop 2: od\u00a0<\/strong><strong>6. do 8. maja 2025<\/strong><\/p>\n<p><strong>Sklop 3: od 3. do 5. junija 2025<\/strong><\/p>\n<p><strong>Sklop 4: 2., 3., 9. in 10. septembra 2025<\/strong><\/p>\n<p><strong>Pisni preizkus znanja: 23. oktobra 2025<\/strong><\/p>\n<p><strong>Predstavitev projektnih nalog: 11. decembra 2025<\/strong><\/p>\n<p><strong>Podelitev spri\u010deval \/ certifikatov: 12. decembra 2025<\/strong><\/p>\n<p>Sre\u010danja vseh EUREM mened\u017eerjev Slovenije letos ne bo.<\/p>\n","protected":false},"excerpt":{"rendered":"<p>Sedemnajsta skupina kandidatk in kandidatov bo za\u010dela z izobra\u017eevanjem 18. marca 2025. Najprej bodo na programu predavanja, zdru\u017eena v \u0161tiri sklope. Prvi trije bodo trajali po tri dni (torek-\u010detrtek), \u010detrti pa \u0161tiri dni, deljeno po dva dni v dveh zaporednih tednih (torek-sreda). Predavanja bodo potekala po naslednjem razporedu: Sklop 1: od 18. do 20. marca [&hellip;]<\/p>\n","protected":false},"author":1,"featured_media":0,"parent":0,"menu_order":0,"comment_status":"closed","ping_status":"closed","template":"","meta":{"footnotes":""},"class_list":["post-208","page","type-page","status-publish","hentry"],"_links":{"self":[{"href":"https:\/\/eurem.si\/index.php?rest_route=\/wp\/v2\/pages\/208","targetHints":{"allow":["GET"]}}],"collection":[{"href":"https:\/\/eurem.si\/index.php?rest_route=\/wp\/v2\/pages"}],"about":[{"href":"https:\/\/eurem.si\/index.php?rest_route=\/wp\/v2\/types\/page"}],"author":[{"embeddable":true,"href":"https:\/\/eurem.si\/index.php?rest_route=\/wp\/v2\/users\/1"}],"replies":[{"embeddable":true,"href":"https:\/\/eurem.si\/index.php?rest_route=%2Fwp%2Fv2%2Fcomments&post=208"}],"version-history":[{"count":69,"href":"https:\/\/eurem.si\/index.php?rest_route=\/wp\/v2\/pages\/208\/revisions"}],"predecessor-version":[{"id":556,"href":"https:\/\/eurem.si\/index.php?rest_route=\/wp\/v2\/pages\/208\/revisions\/556"}],"wp:attachment":[{"href":"https:\/\/eurem.si\/index.php?rest_route=%2Fwp%2Fv2%2Fmedia&parent=208"}],"curies":[{"name":"wp","href":"https:\/\/api.w.org\/{rel}","templated":true}]}}