{"id":296,"date":"2018-02-24T20:42:46","date_gmt":"2018-02-24T19:42:46","guid":{"rendered":"https:\/\/eurem.si\/?page_id=296"},"modified":"2018-02-24T20:45:17","modified_gmt":"2018-02-24T19:45:17","slug":"pogoji-uporabe","status":"publish","type":"page","link":"https:\/\/eurem.si\/?page_id=296","title":{"rendered":"Pogoji uporabe"},"content":{"rendered":"<p>Projekt Izobra\u017eevanje EUREM omogo\u010da dostop do spletne strani www.eurem.si v okviru slede\u010dih pogojev rabe:<\/p>\n<p><strong>Dostop<\/strong><\/p>\n<p>Dostop do informacij in storitev spletne strani je brezpla\u010den. Lastnik spletne strani si pridr\u017euje mo\u017enost pogojevanja dostopa do dolo\u010denih informacij in storitev spletne strani s predhodno prijavo uporabnika.<\/p>\n<p><strong>Dostop\u00a0registriranega uporabnika<\/strong><\/p>\n<p>Za dostop do dolo\u010denih vsebin in storitev se je potrebno registrirati s pomo\u010djo registracijskega obrazca, ki je na voljo\u00a0imetnikom certifikata EUREM.\u00a0Podatke iz registracijskega obrazca, uporabnik posreduje prostovoljno in jam\u010di za njihovo to\u010dnost in zanesljivost.<br \/> Registrirani uporabnik se zavezuje, da bo ustrezno uporabljal vsebine in storitve spletne strani, ki pod nobenimi pogoji ne smejo biti uporabljene za ilegalne namene ali namene, ki bi lahko bili v nasprotju s civilnim pravom, obrambo naroda ali javnim zdravjem. Zavezuje se, da tretji strani ne bo razkril uporabni\u0161kega imena in gesla ter da bo lastniku spletne strani nemudoma sporo\u010dil njihovo izgubo, krajo ali kak\u0161no drugo tveganje za nepoobla\u0161\u010deno\u00a0uporabo njegovega uporabni\u0161kega imena in gesla.<br \/> Registrirani uporabnik se strinja, da bodo osebni podatki iz registracijskega obrazca vklju\u010deni v avtomatizirano podatkovno datoteko.<\/p>\n<p><strong>Vsebina<\/strong><\/p>\n<p>Lastnik spletne strani zagotavlja, da vsa vsebina in storitve, ki jih nudi spletna stran, spo\u0161tuje na\u010dela osebnega dostojanstva, prepovedi diskriminacije na osnovi rase, spola, vere, mi\u0161ljenja, nacionalnosti, nezmo\u017enosti ali katere koli druge osebne ali dru\u017ebene okoli\u0161\u010dine, vklju\u010dno z na\u010delom varstva mladoletnih oseb.<\/p>\n<p><strong>Primerna raba<\/strong><\/p>\n<p>Uporabnik se zavezuje, da bo vsebino in storitve spletne strani primerno uporabljal.\u00a0Vsebino in storitve spletne strani ni dovoljeno pod nobenim pogojem uporabljati za nezakonite namene ali za namene v nasprotju s civilnim pravom, obrambo narodov ali javnim zdravjem.<br \/> Uporabnikom, ki obi\u0161\u010dejo\u00a0spletno stran je dovoljen dostop do vseh javnih informacij, ki jih stran vsebuje. Dovoljen je prenos in reprodukcija vsebin na lastnih ra\u010dunalni\u0161kih sistemih za izklju\u010dno uporabnikovo osebno rabo. Vsebine ni dovoljeno posredovati tretjim osebam ali name\u0161\u010dati na katerikoli stre\u017enik, ki je vklju\u010den neposredno ali posredno na internet ali lokalno omre\u017eje na na\u010din, ki omogo\u010da tretjim osebam dostop do informacij, ki pripadajo projektu Izobra\u017eevanje EUREM, in sicer z drugimi sredstvi, kot je sama spletna stran.<\/p>\n","protected":false},"excerpt":{"rendered":"<p>Projekt Izobra\u017eevanje EUREM omogo\u010da dostop do spletne strani www.eurem.si v okviru slede\u010dih pogojev rabe: Dostop Dostop do informacij in storitev spletne strani je brezpla\u010den. Lastnik spletne strani si pridr\u017euje mo\u017enost pogojevanja dostopa do dolo\u010denih informacij in storitev spletne strani s predhodno prijavo uporabnika. Dostop\u00a0registriranega uporabnika Za dostop do dolo\u010denih vsebin in storitev se je potrebno [&hellip;]<\/p>\n","protected":false},"author":1,"featured_media":0,"parent":0,"menu_order":0,"comment_status":"closed","ping_status":"closed","template":"","meta":{"footnotes":""},"class_list":["post-296","page","type-page","status-publish","hentry"],"_links":{"self":[{"href":"https:\/\/eurem.si\/index.php?rest_route=\/wp\/v2\/pages\/296","targetHints":{"allow":["GET"]}}],"collection":[{"href":"https:\/\/eurem.si\/index.php?rest_route=\/wp\/v2\/pages"}],"about":[{"href":"https:\/\/eurem.si\/index.php?rest_route=\/wp\/v2\/types\/page"}],"author":[{"embeddable":true,"href":"https:\/\/eurem.si\/index.php?rest_route=\/wp\/v2\/users\/1"}],"replies":[{"embeddable":true,"href":"https:\/\/eurem.si\/index.php?rest_route=%2Fwp%2Fv2%2Fcomments&post=296"}],"version-history":[{"count":2,"href":"https:\/\/eurem.si\/index.php?rest_route=\/wp\/v2\/pages\/296\/revisions"}],"predecessor-version":[{"id":298,"href":"https:\/\/eurem.si\/index.php?rest_route=\/wp\/v2\/pages\/296\/revisions\/298"}],"wp:attachment":[{"href":"https:\/\/eurem.si\/index.php?rest_route=%2Fwp%2Fv2%2Fmedia&parent=296"}],"curies":[{"name":"wp","href":"https:\/\/api.w.org\/{rel}","templated":true}]}}