{"id":300,"date":"2018-02-24T20:46:25","date_gmt":"2018-02-24T19:46:25","guid":{"rendered":"https:\/\/eurem.si\/?page_id=300"},"modified":"2018-02-24T20:47:24","modified_gmt":"2018-02-24T19:47:24","slug":"varovanje-zasebnosti","status":"publish","type":"page","link":"https:\/\/eurem.si\/?page_id=300","title":{"rendered":"Varovanje zasebnosti"},"content":{"rendered":"<p><strong>Intelektualna in industrijska lastnina<\/strong><\/p>\n<p>Pravice do intelektualne in industrijske lastnine, vsebovane na spletni strani, njihova grafi\u010dna podoba in ra\u010dunalni\u0161ke kode, ki vklju\u010dujejo imena oseb, podjetij, blagovne znamke in razpoznavne znake, so last njihovih lastnikov, razen, kjer je navedeno, da so last tretjih oseb.<br \/> Kakr\u0161nakoli reprodukcija, distribucija, marketing ali predelava teh vsebin, ki ni bila predhodno avtorizirana s strani lastnika (projekt Izobra\u017eevanje EUREM), pomeni kr\u0161itev pravic intelektualne in industrijske lastnine, za\u0161\u010ditene z zakonom.<\/p>\n<p><strong>Izklju\u010ditev garancij in odgovornosti<\/strong><\/p>\n<p>Za dostop do spletne strani in njeno rabo je odgovoren zgolj uporabnik sam. Projekt Izobra\u017eevanje EUREM ni od\u0161kodninsko odgovoren za manjkajo\u010de ali napa\u010dne podatke. Avtorji vsebin ne nosijo odgovornosti za kakr\u0161nokoli nastalo \u0161kodo, ki izhaja iz dostopa do vsebin na\u00a0spletni strani.<\/p>\n<p><strong>Za\u0161\u010dita osebnih podatkov<\/strong><\/p>\n<p>Projekt Izobra\u017eevanje EUREM zagotavlja varnost in zaupnost podatkov, ki jih posreduje vsak uporabnik. Podatke, potrebne za izpolnitev registracijskega obrazca, uporabnik posreduje prostovoljno in jam\u010di za njihovo to\u010dnost in zanesljivost.<br \/> Registrirani uporabnik se zavezuje, da bo vsebine in storitve spletne strani uporabljal skladno s pravili in jih pod nobenimi pogoji ne bo uporabil za ilegalne namene ali namene, ki bi lahko bili v nasprotju s civilnim pravom, obrambo naroda ali javnim zdravjem. Registrirani uporabnik se zavezuje, da tretji osebi ne bo razkril svojega uporabni\u0161kega imena in gesla ter da bo lastniku spletne strani nemudoma sporo\u010dil njihovo izgubo, krajo ali kak\u0161no drugo tveganje za nepoobla\u0161\u010deno\u00a0uporabo njegovega uporabni\u0161kega imena in gesla.<br \/> Registrirani uporabnik se strinja, da bodo osebni podatki iz registracijskega obrazca vklju\u010deni v avtomatizirano podatkovno datoteko.<\/p>\n","protected":false},"excerpt":{"rendered":"<p>Intelektualna in industrijska lastnina Pravice do intelektualne in industrijske lastnine, vsebovane na spletni strani, njihova grafi\u010dna podoba in ra\u010dunalni\u0161ke kode, ki vklju\u010dujejo imena oseb, podjetij, blagovne znamke in razpoznavne znake, so last njihovih lastnikov, razen, kjer je navedeno, da so last tretjih oseb. Kakr\u0161nakoli reprodukcija, distribucija, marketing ali predelava teh vsebin, ki ni bila predhodno [&hellip;]<\/p>\n","protected":false},"author":1,"featured_media":0,"parent":0,"menu_order":0,"comment_status":"closed","ping_status":"closed","template":"","meta":{"footnotes":""},"class_list":["post-300","page","type-page","status-publish","hentry"],"_links":{"self":[{"href":"https:\/\/eurem.si\/index.php?rest_route=\/wp\/v2\/pages\/300","targetHints":{"allow":["GET"]}}],"collection":[{"href":"https:\/\/eurem.si\/index.php?rest_route=\/wp\/v2\/pages"}],"about":[{"href":"https:\/\/eurem.si\/index.php?rest_route=\/wp\/v2\/types\/page"}],"author":[{"embeddable":true,"href":"https:\/\/eurem.si\/index.php?rest_route=\/wp\/v2\/users\/1"}],"replies":[{"embeddable":true,"href":"https:\/\/eurem.si\/index.php?rest_route=%2Fwp%2Fv2%2Fcomments&post=300"}],"version-history":[{"count":3,"href":"https:\/\/eurem.si\/index.php?rest_route=\/wp\/v2\/pages\/300\/revisions"}],"predecessor-version":[{"id":303,"href":"https:\/\/eurem.si\/index.php?rest_route=\/wp\/v2\/pages\/300\/revisions\/303"}],"wp:attachment":[{"href":"https:\/\/eurem.si\/index.php?rest_route=%2Fwp%2Fv2%2Fmedia&parent=300"}],"curies":[{"name":"wp","href":"https:\/\/api.w.org\/{rel}","templated":true}]}}