{"id":367,"date":"2020-02-12T14:20:47","date_gmt":"2020-02-12T13:20:47","guid":{"rendered":"https:\/\/eurem.si\/?page_id=367"},"modified":"2024-02-06T15:23:34","modified_gmt":"2024-02-06T14:23:34","slug":"zakaj-na-eurem","status":"publish","type":"page","link":"https:\/\/eurem.si\/?page_id=367","title":{"rendered":"Zakaj opraviti izobra\u017eevanje EUREM?"},"content":{"rendered":"<ul>\n<li>Ali raba in stro\u0161ki za energijo v va\u0161em podjetju nenehno nara\u0161\u010dajo, pa ne najdete na\u010dina, kako bi jih u\u010dinkovito omejili in zmanj\u0161ali?<\/li>\n<li>Potrebujete nove ideje za izvajanje ukrepov u\u010dinkovite rabe energije, ki zagotavljajo srednje do visoko zmanj\u0161anje rabe in stro\u0161kov za energijo ob sprejemljivih investicijskih stro\u0161kih?<\/li>\n<li>Bi radi, da gospodarjenje z energijo v va\u0161em podjetju postane del cikla stalnih izbolj\u0161av, na\u010drtuj-izvedi-preveri-ukrepaj?<\/li>\n<li>Ste pripravljeni svoje izku\u0161nje na podro\u010dju oskrbe z energijo in njene rabe izmenjati s predstavniki drugih podjetij in organizacij?<\/li>\n<li>Se zavedate vpliva, ki ga ima nara\u0161\u010dajo\u010da raba energije na na\u0161e okolje in podnebje?<\/li>\n<li><strong>Ste vedeli, da so prihranki iz projektnih nalog slovenskih udele\u017eencev izobra\u017eevanja EUREM ocenjeni na 1,33 GWh oziroma 110.727 evrov na leto in udele\u017eenca?<\/strong><\/li>\n<\/ul>\n<h2>Pridobljena znanja na izobra\u017eevanju<\/h2>\n<p>Na izobra\u017eevanju se boste nau\u010dili:<\/p>\n<ul>\n<li>analize energetskega polo\u017eaja podjetja,<\/li>\n<li>tehni\u010dne in organizacijske priprave in vodenja projektov u\u010dinkovite rabe energije ter njihove primerne predstavitve vodstvu podjetja,<\/li>\n<li>ocene in zagotavljanja ciljnih prihrankov,<\/li>\n<li>zagotavljanja stalnih izbolj\u0161av v podjetju.<\/li>\n<\/ul>\n<figure><\/figure>\n","protected":false},"excerpt":{"rendered":"<p>Ali raba in stro\u0161ki za energijo v va\u0161em podjetju nenehno nara\u0161\u010dajo, pa ne najdete na\u010dina, kako bi jih u\u010dinkovito omejili in zmanj\u0161ali? Potrebujete nove ideje za izvajanje ukrepov u\u010dinkovite rabe energije, ki zagotavljajo srednje do visoko zmanj\u0161anje rabe in stro\u0161kov za energijo ob sprejemljivih investicijskih stro\u0161kih? Bi radi, da gospodarjenje z energijo v va\u0161em podjetju [&hellip;]<\/p>\n","protected":false},"author":2,"featured_media":0,"parent":0,"menu_order":0,"comment_status":"closed","ping_status":"closed","template":"","meta":{"footnotes":""},"class_list":["post-367","page","type-page","status-publish","hentry"],"_links":{"self":[{"href":"https:\/\/eurem.si\/index.php?rest_route=\/wp\/v2\/pages\/367","targetHints":{"allow":["GET"]}}],"collection":[{"href":"https:\/\/eurem.si\/index.php?rest_route=\/wp\/v2\/pages"}],"about":[{"href":"https:\/\/eurem.si\/index.php?rest_route=\/wp\/v2\/types\/page"}],"author":[{"embeddable":true,"href":"https:\/\/eurem.si\/index.php?rest_route=\/wp\/v2\/users\/2"}],"replies":[{"embeddable":true,"href":"https:\/\/eurem.si\/index.php?rest_route=%2Fwp%2Fv2%2Fcomments&post=367"}],"version-history":[{"count":9,"href":"https:\/\/eurem.si\/index.php?rest_route=\/wp\/v2\/pages\/367\/revisions"}],"predecessor-version":[{"id":542,"href":"https:\/\/eurem.si\/index.php?rest_route=\/wp\/v2\/pages\/367\/revisions\/542"}],"wp:attachment":[{"href":"https:\/\/eurem.si\/index.php?rest_route=%2Fwp%2Fv2%2Fmedia&parent=367"}],"curies":[{"name":"wp","href":"https:\/\/api.w.org\/{rel}","templated":true}]}}