{"id":83,"date":"2018-02-12T19:38:24","date_gmt":"2018-02-12T18:38:24","guid":{"rendered":"https:\/\/eurem.si\/?page_id=83"},"modified":"2024-10-16T11:22:42","modified_gmt":"2024-10-16T10:22:42","slug":"vsebina","status":"publish","type":"page","link":"https:\/\/eurem.si\/?page_id=83","title":{"rendered":"Vsebina izobra\u017eevanja EUREM"},"content":{"rendered":"<p>Program izobra\u017eevanja EUREM redno prilagajamo in nadgrajujemo z aktualnimi tematikami s ciljem vzpostaviti u\u010dinkovito platformo, kjer bi energetski mened\u017eerji nadaljevali z izmenjavo izku\u0161enj in s skupnimi mo\u010dmi prispevali k hitrej\u0161emu doseganju ciljev na podro\u010dju energetske u\u010dinkovitosti.<\/p>\n<p>Predavanja so zdru\u017eena v 4 sklope, prvi trije trajajo 3 dni (torek-\u010detrtek), zadnji 4 dni (ponedeljek-\u010detrtek), vklju\u010dujejo pa 40 tem, ki jih predstavlja 35 predavateljev.<\/p>\n<h2 id=\"Vsebina-SKLOP1\">SKLOP 1<\/h2>\n<ul>\n<li><strong>Evropska in slovenska energetska zakonodaja<\/strong><br \/>\nZakoni, uredbe in smernice s podro\u010dja oskrbe z energijo in njene rabe na nacionalni in evropski ravni<\/li>\n<li><strong>Nakup in trgovanje z zemeljskim plinom<\/strong><br \/>\nTr\u017ene strukture, udele\u017eenci na trgu, mehanizmi oblikovanja cen, optimizacija nakupa<\/li>\n<li><strong>Nakup in trgovanje z elektri\u010dno energijo<\/strong><br \/>\nTr\u017ene strukture, udele\u017eenci na trgu, mehanizmi oblikovanja cen, optimizacija nakupa<\/li>\n<li><strong>Trgovanje z emisijami<\/strong><br \/>\nStruktura in zahteve trgovanja z emisijami, spremljanje in nadzor emisij, projekti za zmanj\u0161anje emisij<\/li>\n<li><strong>Ekonomska analiza projektov u\u010dinkovite rabe energije<\/strong><br \/>\nPregled in izra\u010dun stro\u0161kov investicijskih projektov, izra\u010dun dajatev, anuitet, stro\u0161ki kapitala, obratovalni stro\u0161ki, stro\u0161ki popravil in vzdr\u017eevanja, stro\u0161ki osebja, analiza stro\u0161kov za energijo, mo\u017enosti optimizacije, izra\u010dun dobe vra\u010danja projektov URE<\/li>\n<li><strong>Pregled obstoje\u010dih finan\u010dnih virov za financiranje ukrepov URE, OVE in EKO inovacij<\/strong><br \/>\nPodpora pri pripravi projektov s podro\u010dja energetske u\u010dinkovitosti, OVE, eko-inovacij ali zelenega podjetni\u0161tva<\/li>\n<li><strong>Meritve v\u00a0energetiki in varnost pri delu<\/strong><br \/>\nZahteve varnosti pri delu pri izvajanju meritev v energetiki, kako poskrbeti za varno izvajanje meritev, kdo lahko izvaja meritve<\/li>\n<li><strong>Ve\u0161\u010dine vodenja in organizacije &#8211; delo z ljudmi in obvladovanje konfliktov<\/strong><br \/>\nOrodja, tehnike in pristopi pri uvajanju sistemov stalnih izbolj\u0161av za doseganje trajnostne optimizacije procesov<\/li>\n<li><strong>Upravljanje z energijo oz. t.\u00a0i. energetski mened\u017ement<\/strong><br \/>\nNaloge upravljanja z energijo, nadzor rabe energije, kazalniki, na\u010drtovanje ukrepov URE, struktura sistema upravljanja z energijo, povezava s sistemi kakovosti in ravnanja z okoljem<\/li>\n<li><strong>Pogodbeno zni\u017eanje stro\u0161kov za energijo<\/strong><br \/>\nPogodbeno zagotavljanje oskrbe z energijo, pogodbeno zagotavljanje prihranka energije, priprava projekta in sklenitev pogodbe, primeri projektov, spremljanje gospodarnosti projekta<\/li>\n<li><strong>Energetske osnove<\/strong><br \/>\nFizikalne osnove, oblike energije, plinski zakoni, toplotni tok, konvekcija, sevanje, energijske izgube<\/li>\n<li><strong>Izdelava energetskih izkaznic &#8211; izku\u0161nje iz prakse<\/strong><br \/>\nPriprava energetskih izkaznic, termini in stro\u0161ki, dolo\u010ditev ciljev in izbira ukrepov URE, odgovorne osebe, izvajanje in obveznosti<\/li>\n<\/ul>\n<h2 id=\"Vsebina-SKLOP2\">SKLOP 2<\/h2>\n<ul>\n<li><strong>Energetski pregled, plan meritev in pregled prakti\u010dnega dela s poudarkom na ekonomski analizi projektov URE<\/strong><br \/>\nAnaliza stro\u0161kov za energijo, mo\u017enosti optimizacije, izra\u010dun dobe vra\u010danja projektov URE<\/li>\n<li><strong>Zbiranje in analiza podatkov o oskrbi z energijo in njeni rabi<\/strong><br \/>\nZbiranje in analiza podatkov o oskrbi z energijo in njeni rabi, vodenje konic<\/li>\n<li><strong>Ekologi\u010dno na\u010drtovanje z ogledom O\u0160 Brezovica pri Ljubljani<\/strong> <strong>\u2013 primer dobre prakse<\/strong><br \/>\nPredstavitev zasnove in izvedbe nadomestne gradnje objekta O\u0160 Brezovica, ki je prva javna stavba v Sloveniji,\u00a0zasnovana (2008) in zgrajena (2010) v t.i. pasivni tehnologiji<\/li>\n<li><strong>Razsvetljava<\/strong><br \/>\nTehni\u010dne osnove, osvetljenost prostorov, vrste sijalk in svetil, predstikalne naprave, transformatorji, regulacija razsvetljave,\u00a0meritve osvetljenosti, izraba dnevne svetlobe, izra\u010dun stro\u0161kov razsvetljave, mo\u017enosti optimizacije<\/li>\n<li><strong>Energetsko u\u010dinkovite stavbe<\/strong><br \/>\nGradbeno-fizikalne osnove, izra\u010dun letnih potreb stavbe po energiji, EU smernice, slovenska zakonodaja in standardi, na\u010drtovanje energetsko u\u010dinkovitih stavb, gradbeni nadzor, izvedbene pomanjkljivosti, obnovitvena dela<\/li>\n<li><strong>Ogrevanje stavb<\/strong><br \/>\nProizvodnja toplote, vrste kotlov, vro\u010devodni in parni sistemi, izra\u010dun izgub, izkoristek naprav, izra\u010dun cene toplote, mo\u017enosti optimizacije sistemov, zmanj\u0161anje stro\u0161kov za energijo in investicije, dobe vra\u010danja projektov<\/li>\n<li><strong>Procesna toplota<\/strong><br \/>\nAnaliza sistemov, proizvodnja toplote, razdelilno omre\u017eje, prenosniki toplote, regulacija in nadzor procesov, izra\u010dun izgub sistemov, izkoristek naprav, izra\u010dun cene toplote, optimiranje obratovanja, tipi\u010dne \u0161ibke to\u010dke sistemov, vedenje uporabnikov, vra\u010danje kondenzata, vzdr\u017eevanje, odplinjevanje, investicijski ukrepi, izkori\u0161\u010danje odpadne toplote, izra\u010dun gospodarnosti ukrepov URE<\/li>\n<li><strong>Pravilno dimenzioniranje in vzdr\u017eevanje sistemov rezervnega napajanja &#8211; osnovne karakteristike sistemov in komponent, pregled dobrih praks iz Slovenije in tujine<\/strong><br \/>\nNa\u010drtovanje in izvedba projektov, osnovne karakteristike dizel agregatov, nadzor in vzdr\u017eevanje, daljinski nadzor in fleksibilnost obratovanja, sistemske storitve<\/li>\n<\/ul>\n<h2 id=\"Vsebina-SKLOP3\">SKLOP 3<\/h2>\n<ul>\n<li><strong>Klimatizacija<\/strong><br \/>\nFizikalne in fiziolo\u0161ke osnove, volumski tok, izra\u010dun hladilne obremenitve, sestavni deli klimatizacijskih naprav, izgradnja in delovanje obi\u010dajnih prezra\u010devalnih in klimatizacijskih<br \/>\nnaprav, izra\u010dun stro\u0161kov, optimiranje\u00a0 vedenja uporabnikov in obratovanja naprav, investicijski ukrepi URE, izra\u010dun gospodarnosti ukrepov<\/li>\n<li><strong>Tehni\u010dni pregledi klimatskih sistemov<\/strong><br \/>\nPravilnik o rednih pregledih klimatskih sistemov v Sloveniji, metodologija pregledov, prilo\u017enosti za doseganje prihrankov<\/li>\n<li><strong>Hlajenje<\/strong><br \/>\nPrenosniki toplote, stiskanje, absorpcija, toplotne \u010drpalke, ejektorji, hladilni mediji, razdelilno omre\u017eje, shranjevanje hladu, hladilni stolpi, izra\u010dun izgub sistemov, izkoristek naprav, izra\u010dun cene hladu, optimiranje vedenja uporabnikov, zmanj\u0161anje potreb po hladu, obnova hladilnega omre\u017eja, optimiranje obratovanja, regulacija sistemov, izraba odpadne toplote, absorpcijske hladilne naprave, izra\u010dun gospodarnosti ukrepov u\u010dinkovite rabe energije<\/li>\n<li><strong>Elektromotorni pogoni<\/strong><br \/>\nIzra\u010dun izgub elektromotorjev, izgube omre\u017eja, jalova energija, obratovalni stro\u0161ki, frekvencna regulacija, izra\u010dun prihrankov energije, izra\u010dun gospodarnosti ukrepov URE<\/li>\n<li><strong>Napredne metode za energetske analize kompleksnih sistemov <\/strong>(novo v 2020)<\/li>\n<li><strong>Napredne energetske storitve &#8211; prakti\u010dni primeri dobrih praks izvedbe ESCO projektov v Sloveniji in tujini <\/strong>(novo v 2020)<strong>\u00a0<\/strong><\/li>\n<li><strong>Soproizvodnja toplote in elektri\u010dne energije<\/strong><br \/>\nOsnovni principi delovanja, vrste in mo\u017enosti vgradnje sistemov SPTE, kotli za pokrivanje konic, sistemi za prenos toplote, absorpcijsko in adsorpcijsko hlajenje, EU smernice, slovenska zakonodaja, analiza trenutnega stanja, dimenzioniranje naprav SPTE, zmogljivost celotnega sistema, izra\u010dun proizvodnje toplote, hladu in elektri\u010dne energije, izra\u010dun gospodarnosti sistemov, spodbude za vgradnjo<\/li>\n<li><strong>Inovativnost, u\u010dinkovitost in kakovost \u2013 vloga lastnih razvojnih kapacitet \u2013 primer odli\u010dne prakse<br \/>\n<\/strong>Energetska u\u010dinkovitost v proizvodnem procesu, celovito spremljanje in obvladovanje energetskih tokov s ciljem izbolj\u0161evanja energetske u\u010dinkovitosti in kontinuiranega zmanj\u0161evanja negativnih okoljskih vplivov<\/li>\n<\/ul>\n<h2 id=\"Vsebina-SKLOP4\">SKLOP 4<\/h2>\n<ul>\n<li><strong>Povezovanje infrastrukture in na\u010drtovanje energetskih skupnosti <\/strong>(novo v 2022)<\/li>\n<li><strong>Meritve in regulacija<\/strong><br \/>\nOsnove regulacije, sestavni deli sistemov za regulacijo, regulacijske sheme, regulacija za zmanj\u0161anje rabe energije, izra\u010dun dose\u017eenih prihrankov<\/li>\n<li><strong>U\u010dinkovito ravnanje z vodo<\/strong><br \/>\nRegulacija pretoka in tlaka v vodovodnih sistemih, daljinski nadzor porabe vode<\/li>\n<li><strong>Optimiranje procesov \u2013 primer odli\u010dne prakse ravnanja z vodo<\/strong><\/li>\n<li><strong>Stisnjen\u00a0zrak<\/strong><br \/>\nProizvodnja komprimiranega zraka, omre\u017eje in porabniki komprimiranega zraka, izra\u010dun potreb po\u00a0 komprimiranem zraku, izgube omre\u017eja, stro\u0161ki komprimiranega zraka, mo\u017enosti optimizacije \u2013 tla\u010dni nivo, vrsta regulacija, pu\u0161canje omre\u017eja, vzdr\u017eevanje, izraba odpadne toplote, frekven\u010dna regulacija, izra\u010dun gospodarnosti sistemov<\/li>\n<li><strong>Izraba son\u010dne energije za pridobivanje toplote<\/strong><br \/>\nSestavni deli in princip delovanja naprav za pridobivanje toplote, podro\u010dja vgradnje, dimenzioniranje in izra\u010dun\u00a0gospodarnosti naprav, finan\u010dne spodbude<\/li>\n<li><strong>Izraba son\u010dne energije za proizvodnjo elektri\u010dne energije<\/strong><br \/>\nSestavni deli in princip delovanja naprav za proizvodnjo elektri\u010dne energije, podro\u010dja vgradnje, dimenzioniranje in izra\u010dun gospodarnosti naprav, finan\u010dne spodbude<\/li>\n<li><strong>Energija iz biomase<\/strong><br \/>\nVrste biomase, razpolo\u017eljive koli\u010dine, naprave za izrabo lesne biomase<\/li>\n<li><strong>Energija iz bioplina<\/strong><br \/>\nBioplin, naprave za izrabo bioplina, izra\u010dun gospodarnosti sistemov<\/li>\n<li><strong>Zelena pisarna<\/strong><br \/>\nOdgovorno okoljsko delovanje na delovnem mestu, primeri dobre prakse, stro\u0161ki uvajanja, izra\u010dun\u00a0 dose\u017eenih prihrankov<\/li>\n<li><strong>U\u010dinkovita energetska transformacija \u2013 primer odli\u010dne prakse<\/strong><br \/>\nSpremljanje izvedenih ukrepov energetske u\u010dinkovitosti, izzivi, te\u017eave in sam pristop energetske politike znotraj podjetja<\/li>\n<li><strong>Izzivi prihodnjega tr\u017eenja energetske u\u010dinkovitosti\u00a0\u2013 novi modeli in mehanizmi<\/strong><br \/>\nPoslovni modeli in njihovo inoviranje, vrednost za kupca, delitev tveganj in vpliv IKT na tr\u017eenje<\/li>\n<\/ul>\n","protected":false},"excerpt":{"rendered":"<p>Program izobra\u017eevanja EUREM redno prilagajamo in nadgrajujemo z aktualnimi tematikami s ciljem vzpostaviti u\u010dinkovito platformo, kjer bi energetski mened\u017eerji nadaljevali z izmenjavo izku\u0161enj in s skupnimi mo\u010dmi prispevali k hitrej\u0161emu doseganju ciljev na podro\u010dju energetske u\u010dinkovitosti. Predavanja so zdru\u017eena v 4 sklope, prvi trije trajajo 3 dni (torek-\u010detrtek), zadnji 4 dni (ponedeljek-\u010detrtek), vklju\u010dujejo pa 40 [&hellip;]<\/p>\n","protected":false},"author":1,"featured_media":0,"parent":0,"menu_order":0,"comment_status":"closed","ping_status":"closed","template":"","meta":{"footnotes":""},"class_list":["post-83","page","type-page","status-publish","hentry"],"_links":{"self":[{"href":"https:\/\/eurem.si\/index.php?rest_route=\/wp\/v2\/pages\/83","targetHints":{"allow":["GET"]}}],"collection":[{"href":"https:\/\/eurem.si\/index.php?rest_route=\/wp\/v2\/pages"}],"about":[{"href":"https:\/\/eurem.si\/index.php?rest_route=\/wp\/v2\/types\/page"}],"author":[{"embeddable":true,"href":"https:\/\/eurem.si\/index.php?rest_route=\/wp\/v2\/users\/1"}],"replies":[{"embeddable":true,"href":"https:\/\/eurem.si\/index.php?rest_route=%2Fwp%2Fv2%2Fcomments&post=83"}],"version-history":[{"count":25,"href":"https:\/\/eurem.si\/index.php?rest_route=\/wp\/v2\/pages\/83\/revisions"}],"predecessor-version":[{"id":550,"href":"https:\/\/eurem.si\/index.php?rest_route=\/wp\/v2\/pages\/83\/revisions\/550"}],"wp:attachment":[{"href":"https:\/\/eurem.si\/index.php?rest_route=%2Fwp%2Fv2%2Fmedia&parent=83"}],"curies":[{"name":"wp","href":"https:\/\/api.w.org\/{rel}","templated":true}]}}