{"id":89,"date":"2018-02-12T19:42:43","date_gmt":"2018-02-12T18:42:43","guid":{"rendered":"https:\/\/eurem.si\/?page_id=89"},"modified":"2024-02-06T15:33:09","modified_gmt":"2024-02-06T14:33:09","slug":"potek","status":"publish","type":"page","link":"https:\/\/eurem.si\/?page_id=89","title":{"rendered":"Potek izobra\u017eevanja EUREM"},"content":{"rendered":"<p><a href=\"https:\/\/eurem.si\/wp-content\/uploads\/EUREM-postopek-izobrazevanja.jpg\" data-elementor-open-lightbox=\"default\"><img loading=\"lazy\" decoding=\"async\" src=\"https:\/\/eurem.si\/wp-content\/uploads\/EUREM-postopek-izobrazevanja-768x695.jpg\" sizes=\"auto, (max-width: 768px) 100vw, 768px\" srcset=\"https:\/\/eurem.si\/wp-content\/uploads\/EUREM-postopek-izobrazevanja-768x695.jpg 768w, https:\/\/eurem.si\/wp-content\/uploads\/EUREM-postopek-izobrazevanja-300x272.jpg 300w, https:\/\/eurem.si\/wp-content\/uploads\/EUREM-postopek-izobrazevanja-1024x927.jpg 1024w, https:\/\/eurem.si\/wp-content\/uploads\/EUREM-postopek-izobrazevanja.jpg 1498w\" alt=\"EUREM-postopek-izobrazevanja\" width=\"768\" height=\"695\" \/> <\/a><\/p>\n<h2 id=\"Potek-Izobra\u017eevalnogradivo\"><\/h2>\n<p>Izobra\u017eevanje EUREM traja ca. 8 mesecev. Obi\u010dajno se za\u010dne v prvi \u010detrtini leta, kon\u010da pa decembra. Sestavljajo ga trije tridnevni in en \u0161tiridnevni sklop predavanj, pisni preizkus znanja, izdelava projektne naloge pod vodstvom mentorja, predstavitev klju\u010dnih ugotovitev iz projektne naloge pred 3-\u010dlansko komisijo predavateljev in podelitev spri\u010deval\/certifikatov.<\/p>\n<p><a href=\"https:\/\/eurem.si\/wp-content\/uploads\/EUREM_3b.jpg\" data-elementor-open-lightbox=\"default\" data-elementor-lightbox-slideshow=\"2fd1820\" data-elementor-lightbox-index=\"2\"><img decoding=\"async\" src=\"https:\/\/eurem.si\/wp-content\/uploads\/elementor\/thumbs\/EUREM_3b-nlrkq0a4x1p02ds3uut4282doztbmb8c0jixswv2bk.jpg\" alt=\"EUREM_3b\" \/><\/a><\/p>\n<h2 id=\"Potek-Izobra\u017eevalnogradivo\">Izobra\u017eevalno gradivo<\/h2>\n<p>Izobra\u017eevalno gradivo sestavljajo:<\/p>\n<ul>\n<li>pripravljalno gradivo, ki predstavlja osnovno izhodi\u0161\u010de za razumevanje\u00a0tematike in je namenjeno delu doma pred za\u010detkom posameznega sklopa predavanj,<\/li>\n<li>gradivo za predavanja,<\/li>\n<li>gradivo za vaje,<\/li>\n<li>gradivo za \u0161tudijske primere, ki je prav tako namenjeno delu doma,<\/li>\n<li>kontrolni seznami, ki so namenjeni takoj\u0161nji uporabi za prepoznavanje \u0161ibkih to\u010dk v podjetju pri oskrbi z energijo in njeni rabi.<\/li>\n<\/ul>\n<h2 id=\"Potek-Zahtevezapridobitevcertifikata\">Zahteve za pridobitev naziva &#8220;Evropski energetski mened\u017eer&#8221;<\/h2>\n<p>Za uspe\u0161no opravljeno izobra\u017eevanje EUREM in pridobitev naziva &#8220;Evropski energetski mened\u017eer&#8221;\u00a0je potrebno izpolniti:<\/p>\n<ul>\n<li><strong>vsaj 80-odstotno udele\u017ebo na predavanjih<\/strong>, vklju\u010dno z aktivnim sodelovanjem pri skupinskem delu, in redno opravljenimi doma\u010dimi obveznostmi (\u0161tudijski primeri, druge doma\u010de naloge),<\/li>\n<li><strong>uspe\u0161no opravljen pisni preizkus znanja<\/strong>, ki ga obi\u010dajno sestavlja 10 vpra\u0161anj, 5 teoreti\u010dnih in 5 ra\u010dunskih iz petih razli\u010dnih tematik (h kon\u010dni oceni prispeva najve\u010d 50 to\u010dk),<\/li>\n<li><strong>uspe\u0161no pripravljena projektna naloga<\/strong>, ki je usmerjena k prepoznavanju trenutnega stanja na dolo\u010denem podro\u010dju rabe energije ter optimizaciji in ekonomskemu prera\u010dunu razli\u010dnih mo\u017enosti za u\u010dinkovitej\u0161e ravnanje z energijo (nalogo oceni mentor, ki prinese h kon\u010dni oceni najve\u010d 35 to\u010dk),<\/li>\n<li><strong>predstavitev projektne naloge<\/strong> (predstavitev oceni 3-\u010dlanska komisija predavateljev, ki prinese h kon\u010dni oceni najve\u010d 15 to\u010dk),<\/li>\n<li><strong>poravnani stro\u0161ki izobra\u017eevanja<\/strong>.<\/li>\n<\/ul>\n<p>Za uspe\u0161no opravljeno izobra\u017eevanje je potrebno <strong>zbrati vsaj 51 to\u010dk<\/strong>, od tega <strong>vsaj 26<\/strong> iz pisnega preizkusa znanja.<\/p>\n<p><a href=\"https:\/\/eurem.si\/wp-content\/uploads\/20110617-IMG_7934b.jpg\" data-elementor-open-lightbox=\"default\" data-elementor-lightbox-slideshow=\"2fd1820\" data-elementor-lightbox-index=\"0\"><img decoding=\"async\" src=\"https:\/\/eurem.si\/wp-content\/uploads\/elementor\/thumbs\/20110617-IMG_7934b-nlrkpzcaq7npqrth0cehhqax3lxyem4loevgbmwggy.jpg\" alt=\"20110617-IMG_7934b\" \/><\/a><\/p>\n","protected":false},"excerpt":{"rendered":"<p>Izobra\u017eevanje EUREM traja ca. 8 mesecev. Obi\u010dajno se za\u010dne v prvi \u010detrtini leta, kon\u010da pa decembra. Sestavljajo ga trije tridnevni in en \u0161tiridnevni sklop predavanj, pisni preizkus znanja, izdelava projektne naloge pod vodstvom mentorja, predstavitev klju\u010dnih ugotovitev iz projektne naloge pred 3-\u010dlansko komisijo predavateljev in podelitev spri\u010deval\/certifikatov. Izobra\u017eevalno gradivo Izobra\u017eevalno gradivo sestavljajo: pripravljalno gradivo, ki [&hellip;]<\/p>\n","protected":false},"author":1,"featured_media":0,"parent":0,"menu_order":0,"comment_status":"closed","ping_status":"closed","template":"","meta":{"footnotes":""},"class_list":["post-89","page","type-page","status-publish","hentry"],"_links":{"self":[{"href":"https:\/\/eurem.si\/index.php?rest_route=\/wp\/v2\/pages\/89","targetHints":{"allow":["GET"]}}],"collection":[{"href":"https:\/\/eurem.si\/index.php?rest_route=\/wp\/v2\/pages"}],"about":[{"href":"https:\/\/eurem.si\/index.php?rest_route=\/wp\/v2\/types\/page"}],"author":[{"embeddable":true,"href":"https:\/\/eurem.si\/index.php?rest_route=\/wp\/v2\/users\/1"}],"replies":[{"embeddable":true,"href":"https:\/\/eurem.si\/index.php?rest_route=%2Fwp%2Fv2%2Fcomments&post=89"}],"version-history":[{"count":21,"href":"https:\/\/eurem.si\/index.php?rest_route=\/wp\/v2\/pages\/89\/revisions"}],"predecessor-version":[{"id":543,"href":"https:\/\/eurem.si\/index.php?rest_route=\/wp\/v2\/pages\/89\/revisions\/543"}],"wp:attachment":[{"href":"https:\/\/eurem.si\/index.php?rest_route=%2Fwp%2Fv2%2Fmedia&parent=89"}],"curies":[{"name":"wp","href":"https:\/\/api.w.org\/{rel}","templated":true}]}}