{"id":92,"date":"2018-02-12T19:44:45","date_gmt":"2018-02-12T18:44:45","guid":{"rendered":"https:\/\/eurem.si\/?page_id=92"},"modified":"2024-01-09T16:46:17","modified_gmt":"2024-01-09T15:46:17","slug":"dosedanja-izobrazevanja","status":"publish","type":"page","link":"https:\/\/eurem.si\/?page_id=92","title":{"rendered":"Izobra\u017eevanje EUREM v Sloveniji od leta 2008 do 2023"},"content":{"rendered":"<p>V Sloveniji je bilo doslej izvedenih 15 izobra\u017eevanj po programu EUREM. Izobra\u017eevanje je uspe\u0161no zaklju\u010dilo 289 udele\u017eencev. Prvo izobra\u017eevanje je potekalo leta 2008 v okviru projekta EUREM.NET, ki je bil sofinanciran iz programa EU Inteligentna energija Evropa, zadnja, petnajsta skupina pa je izobra\u017eevanje zaklju\u010dila decembra 2023.<\/p>\n<p>Skupni potencial za zmanj\u0161anje rabe energije zaradi izvedbe ukrepov, analiziranih v projektnih nalogah, ki so jih izdelali udele\u017eenci izobra\u017eevanja, je ocenjen na 384 GWh\/leto oz. 32 milijonov evrov letno, zmanj\u0161anje emisije CO<sub>2<\/sub> pa na 180 kt\/leto.<\/p>\n<h2 id=\"EUREMIdoIX-EUREMI(maj2008-december2008)\">EUREM I (maj 2008\u00a0&#8211; december 2008)<\/h2>\n<table>\n<tbody>\n<tr>\n<td>\u0160tevilo podeljenih certifikatov:<\/td>\n<td>23<\/td>\n<\/tr>\n<tr>\n<td>Potencial za var\u010devanje z energijo:<\/td>\n<td>82,55 GWh\/leto<\/td>\n<\/tr>\n<tr>\n<td>Potencial za zmanj\u0161anje emisije CO<sub>2<\/sub>:<\/td>\n<td>20,9 kt\/leto<\/td>\n<\/tr>\n<tr>\n<td>Potencial za zmanj\u0161anje stro\u0161kov:<\/td>\n<td>2,553 milijonov EUR\/leto<\/td>\n<\/tr>\n<tr>\n<td>Stro\u0161ki nalo\u017eb:<\/td>\n<td>6,246 milijonov EUR<\/td>\n<\/tr>\n<tr>\n<td>Povpre\u010dna doba vra\u010danja nalo\u017ebe:<\/td>\n<td>2,4 leta<\/td>\n<\/tr>\n<\/tbody>\n<\/table>\n<h2><a href=\"https:\/\/eurem.si\/wp-content\/uploads\/DI_1b.jpg\" data-elementor-open-lightbox=\"default\" data-elementor-lightbox-slideshow=\"6facc47\" data-elementor-lightbox-index=\"0\"><img decoding=\"async\" src=\"https:\/\/eurem.si\/wp-content\/uploads\/elementor\/thumbs\/DI_1b-nlrkpzcaq7npqrth0cehhqax3lxyem4loevgbmwghs.jpg\" alt=\"DI_1b\" \/><\/a><\/h2>\n<h2 id=\"EUREMIdoIX-EUREMII(oktober2008-junij2009)\">EUREM II (oktober 2008\u00a0&#8211;\u00a0junij 2009)<\/h2>\n<table>\n<tbody>\n<tr>\n<td>\u0160tevilo podeljenih certifikatov:<\/td>\n<td>24<\/td>\n<\/tr>\n<tr>\n<td>Potencial za var\u010devanje z energijo:<\/td>\n<td>11,33\u00a0GWh\/leto<\/td>\n<\/tr>\n<tr>\n<td>Potencial za zmanj\u0161anje emisije CO<sub>2<\/sub>:<\/td>\n<td>15,4\u00a0kt\/leto<\/td>\n<\/tr>\n<tr>\n<td>Potencial za zmanj\u0161anje stro\u0161kov:<\/td>\n<td>1,202 milijonov EUR\/leto<\/td>\n<\/tr>\n<tr>\n<td>Stro\u0161ki nalo\u017eb:<\/td>\n<td>3,364\u00a0milijonov EUR<\/td>\n<\/tr>\n<tr>\n<td>Povpre\u010dna doba vra\u010danja nalo\u017ebe:<\/td>\n<td>2,8 let<\/td>\n<\/tr>\n<\/tbody>\n<\/table>\n<h2><a href=\"https:\/\/eurem.si\/wp-content\/uploads\/DI_2b.jpg\" data-elementor-open-lightbox=\"default\" data-elementor-lightbox-slideshow=\"6facc47\" data-elementor-lightbox-index=\"1\"><img decoding=\"async\" src=\"https:\/\/eurem.si\/wp-content\/uploads\/elementor\/thumbs\/DI_2b-nlrkpzcaq7npqrth0cehhqax3lxyem4loevgbmwghs.jpg\" alt=\"DI_2b\" \/><\/a><\/h2>\n<h2 id=\"EUREMIdoIX-EUREMIII(oktober2009-junij2010)\">EUREM III (oktober 2009\u00a0&#8211;\u00a0junij 2010)<\/h2>\n<table>\n<tbody>\n<tr>\n<td>\u0160tevilo podeljenih certifikatov:<\/td>\n<td>25<\/td>\n<\/tr>\n<tr>\n<td>Potencial za var\u010devanje z energijo:<\/td>\n<td>60,36 GWh\/leto<\/td>\n<\/tr>\n<tr>\n<td>Potencial za zmanj\u0161anje emisije CO<sub>2<\/sub>:<\/td>\n<td>44,9 kt\/leto<\/td>\n<\/tr>\n<tr>\n<td>Potencial za zmanj\u0161anje stro\u0161kov:<\/td>\n<td>7,009 milijonov EUR\/leto<\/td>\n<\/tr>\n<tr>\n<td>Stro\u0161ki nalo\u017eb:<\/td>\n<td>30,792 milijonov EUR<\/td>\n<\/tr>\n<tr>\n<td>Povpre\u010dna doba vra\u010danja nalo\u017ebe:<\/td>\n<td>4,4 leta<\/td>\n<\/tr>\n<\/tbody>\n<\/table>\n<h2><a href=\"https:\/\/eurem.si\/wp-content\/uploads\/DI_3b.jpg\" data-elementor-open-lightbox=\"default\" data-elementor-lightbox-slideshow=\"6facc47\" data-elementor-lightbox-index=\"2\"><img decoding=\"async\" src=\"https:\/\/eurem.si\/wp-content\/uploads\/elementor\/thumbs\/DI_3b-nlrkpzcaq7npqrth0cehhqax3lxyem4loevgbmwghs.jpg\" alt=\"DI_3b\" \/><\/a><\/h2>\n<h2 id=\"EUREMIdoIX-EUREMIV(oktober2010-junij2011)\">EUREM IV (oktober 2010\u00a0&#8211;\u00a0junij 2011)<\/h2>\n<table>\n<tbody>\n<tr>\n<td>\u0160tevilo podeljenih certifikatov:<\/td>\n<td>22<\/td>\n<\/tr>\n<tr>\n<td>Potencial za var\u010devanje z energijo:<\/td>\n<td>4,20 GWh\/leto<\/td>\n<\/tr>\n<tr>\n<td>Potencial za zmanj\u0161anje emisije CO<sub>2<\/sub>:<\/td>\n<td>20,6 kt\/leto<\/td>\n<\/tr>\n<tr>\n<td>Potencial za zmanj\u0161anje stro\u0161kov:<\/td>\n<td>1,672 milijona EUR\/leto<\/td>\n<\/tr>\n<tr>\n<td>Stro\u0161ki nalo\u017eb:<\/td>\n<td>10,714 milijonov EUR<\/td>\n<\/tr>\n<tr>\n<td>Povpre\u010dna doba vra\u010danja nalo\u017ebe:<\/td>\n<td>6,4 leta<\/td>\n<\/tr>\n<\/tbody>\n<\/table>\n<h2><a href=\"https:\/\/eurem.si\/wp-content\/uploads\/Slika_4_Nova.jpg\" data-elementor-open-lightbox=\"default\" data-elementor-lightbox-slideshow=\"6facc47\" data-elementor-lightbox-index=\"3\"><img decoding=\"async\" src=\"https:\/\/eurem.si\/wp-content\/uploads\/elementor\/thumbs\/Slika_4_Nova-nlrkq17z3vqadzqqpd7qmptuadoou0c2co6fa6to5c.jpg\" alt=\"Slika_4_Nova\" \/><\/a><\/h2>\n<h2 id=\"EUREMIdoIX-EUREMV(oktober2011-junij2012)\">EUREM V (oktober 2011\u00a0&#8211;\u00a0junij 2012)<\/h2>\n<table>\n<tbody>\n<tr>\n<td>\u0160tevilo podeljenih certifikatov:<\/td>\n<td>27<\/td>\n<\/tr>\n<tr>\n<td>Potencial za var\u010devanje z energijo:<\/td>\n<td>17,72\u00a0GWh\/leto<\/td>\n<\/tr>\n<tr>\n<td>Potencial za zmanj\u0161anje emisije CO<sub>2<\/sub>:<\/td>\n<td>8,9\u00a0kt\/leto<\/td>\n<\/tr>\n<tr>\n<td>Potencial za zmanj\u0161anje stro\u0161kov:<\/td>\n<td>1,545 milijona EUR\/leto<\/td>\n<\/tr>\n<tr>\n<td>Stro\u0161ki nalo\u017eb:<\/td>\n<td>5,873 milijonov EUR<\/td>\n<\/tr>\n<tr>\n<td>Povpre\u010dna doba vra\u010danja nalo\u017ebe:<\/td>\n<td>3,8 leta<\/td>\n<\/tr>\n<\/tbody>\n<\/table>\n<h2><a href=\"https:\/\/eurem.si\/wp-content\/uploads\/IMG_6916.jpg\" data-elementor-open-lightbox=\"default\" data-elementor-lightbox-slideshow=\"6facc47\" data-elementor-lightbox-index=\"4\"><img decoding=\"async\" src=\"https:\/\/eurem.si\/wp-content\/uploads\/elementor\/thumbs\/IMG_6916-nlrkrmk4orws27fgejzzctcyivu2vjnowjz1k2gnls.jpg\" alt=\"IMG_6916\" \/><\/a><\/h2>\n<h2 id=\"EUREMIdoIX-EUREMVI(november2012-junij2013)\">EUREM VI (november 2012 &#8211;\u00a0junij 2013)<\/h2>\n<table>\n<tbody>\n<tr>\n<td>\u0160tevilo podeljenih certifikatov:<\/td>\n<td>24<\/td>\n<\/tr>\n<tr>\n<td>Potencial za var\u010devanje z energijo:<\/td>\n<td>21,02\u00a0GWh\/leto<\/td>\n<\/tr>\n<tr>\n<td>Potencial za zmanj\u0161anje emisije CO<sub>2<\/sub>:<\/td>\n<td>6,5 kt\/leto<\/td>\n<\/tr>\n<tr>\n<td>Potencial za zmanj\u0161anje stro\u0161kov:<\/td>\n<td>0,98 milijona EUR\/leto<\/td>\n<\/tr>\n<tr>\n<td>Stro\u0161ki nalo\u017eb:<\/td>\n<td>3,77 milijonov EUR<\/td>\n<\/tr>\n<tr>\n<td>Povpre\u010dna doba vra\u010danja nalo\u017ebe:<\/td>\n<td>3,8 leta<\/td>\n<\/tr>\n<\/tbody>\n<\/table>\n<h2><a href=\"https:\/\/eurem.si\/wp-content\/uploads\/ICJT-045.jpg\" data-elementor-open-lightbox=\"default\" data-elementor-lightbox-slideshow=\"6facc47\" data-elementor-lightbox-index=\"5\"><img decoding=\"async\" src=\"https:\/\/eurem.si\/wp-content\/uploads\/elementor\/thumbs\/ICJT-045-nlrkq0a4x1p02ds3uut4282doztbmb8c0jixswv2bk.jpg\" alt=\"ICJT 045\" \/><\/a><\/h2>\n<h2 id=\"EUREMIdoIX-EUREMVII(december2013-junij2014)\">EUREM VII (december 2013 &#8211;\u00a0junij 2014)<\/h2>\n<table>\n<tbody>\n<tr>\n<td>\u0160tevilo podeljenih certifikatov:<\/td>\n<td>15<\/td>\n<\/tr>\n<tr>\n<td>Potencial za var\u010devanje z energijo:<\/td>\n<td>6,32 GWh\/leto<\/td>\n<\/tr>\n<tr>\n<td>Potencial za zmanj\u0161anje emisije CO<sub>2<\/sub>:<\/td>\n<td>2,4 kt\/leto<\/td>\n<\/tr>\n<tr>\n<td>Potencial za zmanj\u0161anje stro\u0161kov:<\/td>\n<td>0,54 milijona EUR\/leto<\/td>\n<\/tr>\n<tr>\n<td>Stro\u0161ki nalo\u017eb:<\/td>\n<td>2,64 milijonov EUR<\/td>\n<\/tr>\n<tr>\n<td>Povpre\u010dna doba vra\u010danja nalo\u017ebe:<\/td>\n<td>4,9 leta<\/td>\n<\/tr>\n<\/tbody>\n<\/table>\n<h2 id=\"EUREMIdoIX-EUREMVIII(januar2015-junij2015)\">EUREM VIII (januar 2015 &#8211;\u00a0junij 2015)<\/h2>\n<table>\n<tbody>\n<tr>\n<td>\u0160tevilo podeljenih certifikatov:<\/td>\n<td>16<\/td>\n<\/tr>\n<tr>\n<td>Potencial za var\u010devanje z energijo:<\/td>\n<td>20,98 GWh\/leto<\/td>\n<\/tr>\n<tr>\n<td>Potencial za zmanj\u0161anje emisije CO<sub>2<\/sub>:<\/td>\n<td>3,7 kt\/leto<\/td>\n<\/tr>\n<tr>\n<td>Potencial za zmanj\u0161anje stro\u0161kov:<\/td>\n<td>1,44 milijona EUR\/leto<\/td>\n<\/tr>\n<tr>\n<td>Stro\u0161ki nalo\u017eb:<\/td>\n<td>8,88 milijonov EUR<\/td>\n<\/tr>\n<tr>\n<td>Povpre\u010dna doba vra\u010danja nalo\u017ebe:<\/td>\n<td>6,2 leta<\/td>\n<\/tr>\n<\/tbody>\n<\/table>\n<h2 id=\"EUREMIdoIX-EUREMIX(januar2016-junij2016)\">EUREM IX (januar 2016 &#8211;\u00a0junij 2016)<\/h2>\n<table>\n<tbody>\n<tr>\n<td>\u0160tevilo podeljenih certifikatov:<\/td>\n<td>14<\/td>\n<\/tr>\n<tr>\n<td>Potencial za var\u010devanje z energijo:<\/td>\n<td>67,1 GWh\/leto<\/td>\n<\/tr>\n<tr>\n<td>Potencial za zmanj\u0161anje emisije CO<sub>2<\/sub>:<\/td>\n<td>4,98 kt\/leto<\/td>\n<\/tr>\n<tr>\n<td>Potencial za zmanj\u0161anje stro\u0161kov:<\/td>\n<td>1,59 milijona EUR\/leto<\/td>\n<\/tr>\n<tr>\n<td>Stro\u0161ki nalo\u017eb:<\/td>\n<td>7,15 milijonov EUR<\/td>\n<\/tr>\n<tr>\n<td>Povpre\u010dna doba vra\u010danja nalo\u017ebe:<\/td>\n<td>4,5 leta<\/td>\n<\/tr>\n<\/tbody>\n<\/table>\n<h2>EUREM X\u00a0(januar 2017 \u2013\u00a0junij 2017)<\/h2>\n<table>\n<tbody>\n<tr>\n<td>\u0160tevilo podeljenih certifikatov:<\/td>\n<td>22<\/td>\n<\/tr>\n<tr>\n<td>Potencial za var\u010devanje z energijo:<\/td>\n<td>18 GWh\/leto<\/td>\n<\/tr>\n<tr>\n<td>Potencial za zmanj\u0161anje emisije CO<sub>2<\/sub>:<\/td>\n<td>3,678 kt\/leto<\/td>\n<\/tr>\n<tr>\n<td>Potencial za zmanj\u0161anje stro\u0161kov:<\/td>\n<td>788.000 EUR\/leto<\/td>\n<\/tr>\n<tr>\n<td>Stro\u0161ki nalo\u017eb:<\/td>\n<td>\u00a05,405 milijonov EUR<\/td>\n<\/tr>\n<tr>\n<td>Povpre\u010dna doba vra\u010danja nalo\u017ebe:<\/td>\n<td>6,9 leta<\/td>\n<\/tr>\n<\/tbody>\n<\/table>\n<h2>EUREM XI\u00a0(februar 2018 \u2013\u00a0december 2018)<\/h2>\n<table>\n<tbody>\n<tr>\n<td>\u0160tevilo podeljenih certifikatov:<\/td>\n<td>15<\/td>\n<\/tr>\n<tr>\n<td>Potencial za var\u010devanje z energijo:<\/td>\n<td>2,3 GWh\/leto<\/td>\n<\/tr>\n<tr>\n<td>Potencial za zmanj\u0161anje emisije CO<sub>2<\/sub>:<\/td>\n<td>7,103 kt\/leto<\/td>\n<\/tr>\n<tr>\n<td>Potencial za zmanj\u0161anje stro\u0161kov:<\/td>\n<td>625.000 EUR\/leto<\/td>\n<\/tr>\n<tr>\n<td>Stro\u0161ki nalo\u017eb:<\/td>\n<td>\u00a04,606 milijonov EUR<\/td>\n<\/tr>\n<tr>\n<td>Povpre\u010dna doba vra\u010danja nalo\u017ebe:<\/td>\n<td>7,4 leta<\/td>\n<\/tr>\n<\/tbody>\n<\/table>\n<h2>EUREM XII\u00a0(marec 2019 \u2013\u00a0december 2019)<\/h2>\n<table>\n<tbody>\n<tr>\n<td>\u0160tevilo podeljenih certifikatov:<\/td>\n<td>17<\/td>\n<\/tr>\n<tr>\n<td>Potencial za var\u010devanje z energijo:<\/td>\n<td>13,3 GWh\/leto<\/td>\n<\/tr>\n<tr>\n<td>Potencial za zmanj\u0161anje emisije CO<sub>2<\/sub>:<\/td>\n<td>12,517 kt\/leto<\/td>\n<\/tr>\n<tr>\n<td>Potencial za zmanj\u0161anje stro\u0161kov:<\/td>\n<td>4.922.000 EUR\/leto<\/td>\n<\/tr>\n<tr>\n<td>Stro\u0161ki nalo\u017eb:<\/td>\n<td>\u00a036,060 milijonov EUR<\/td>\n<\/tr>\n<tr>\n<td>Povpre\u010dna doba vra\u010danja nalo\u017ebe:<\/td>\n<td>7,3 leta<\/td>\n<\/tr>\n<\/tbody>\n<\/table>\n<h2>EUREM XIII (september 2020 \u2013\u00a0oktober 2021)<\/h2>\n<p>(podatki v preglednici bodo dopolnjeni, ko bodo izobra\u017eevanje kon\u010dali vsi kandidati)<\/p>\n<table>\n<tbody>\n<tr>\n<td>\u0160tevilo podeljenih certifikatov:<\/td>\n<td>8 od 18<\/td>\n<\/tr>\n<tr>\n<td>Potencial za var\u010devanje z energijo:<\/td>\n<td>xx,x GWh\/leto<\/td>\n<\/tr>\n<tr>\n<td>Potencial za zmanj\u0161anje emisije CO<sub>2<\/sub>:<\/td>\n<td>xx,xxx kt\/leto<\/td>\n<\/tr>\n<tr>\n<td>Potencial za zmanj\u0161anje stro\u0161kov:<\/td>\n<td>x.xxx.000 EUR\/leto<\/td>\n<\/tr>\n<tr>\n<td>Stro\u0161ki nalo\u017eb:<\/td>\n<td>\u00a0xx,xxx milijonov EUR<\/td>\n<\/tr>\n<tr>\n<td>Povpre\u010dna doba vra\u010danja nalo\u017ebe:<\/td>\n<td>x,x leta<\/td>\n<\/tr>\n<\/tbody>\n<\/table>\n<h2>EUREM XIV (maj 2022 \u2013\u00a0februar 2023)<\/h2>\n<table>\n<tbody>\n<tr>\n<td>\u0160tevilo podeljenih certifikatov:<\/td>\n<td>15<\/td>\n<\/tr>\n<tr>\n<td>Potencial za var\u010devanje z energijo:<\/td>\n<td>55,5 GWh\/leto<\/td>\n<\/tr>\n<tr>\n<td>Potencial za zmanj\u0161anje emisije CO<sub>2<\/sub>:<\/td>\n<td>25,6 kt\/leto<\/td>\n<\/tr>\n<tr>\n<td>Potencial za zmanj\u0161anje stro\u0161kov:<\/td>\n<td>2.100.000 EUR\/leto<\/td>\n<\/tr>\n<tr>\n<td>Stro\u0161ki nalo\u017eb:<\/td>\n<td>6.300.000 EUR<\/td>\n<\/tr>\n<tr>\n<td>Povpre\u010dna doba vra\u010danja nalo\u017ebe:<\/td>\n<td>2,9 leta<\/td>\n<\/tr>\n<\/tbody>\n<\/table>\n<h2>EUREM XV (maj 2023 \u2013 december 2023)<\/h2>\n<table>\n<tbody>\n<tr>\n<td>\u0160tevilo podeljenih certifikatov:<\/td>\n<td>20<\/td>\n<\/tr>\n<tr>\n<td>Potencial za var\u010devanje z energijo:<\/td>\n<td>3,8 GWh\/leto<\/td>\n<\/tr>\n<tr>\n<td>Potencial za zmanj\u0161anje emisije CO<sub>2<\/sub>:<\/td>\n<td>2,0 kt\/leto<\/td>\n<\/tr>\n<tr>\n<td>Potencial za zmanj\u0161anje stro\u0161kov:<\/td>\n<td>5.100.000 EUR\/leto<\/td>\n<\/tr>\n<tr>\n<td>Stro\u0161ki nalo\u017eb:<\/td>\n<td>2.100.000 EUR<\/td>\n<\/tr>\n<tr>\n<td>Povpre\u010dna doba vra\u010danja nalo\u017ebe:<\/td>\n<td>0,4 leta<\/td>\n<\/tr>\n<\/tbody>\n<\/table>\n","protected":false},"excerpt":{"rendered":"<p>V Sloveniji je bilo doslej izvedenih 15 izobra\u017eevanj po programu EUREM. Izobra\u017eevanje je uspe\u0161no zaklju\u010dilo 289 udele\u017eencev. Prvo izobra\u017eevanje je potekalo leta 2008 v okviru projekta EUREM.NET, ki je bil sofinanciran iz programa EU Inteligentna energija Evropa, zadnja, petnajsta skupina pa je izobra\u017eevanje zaklju\u010dila decembra 2023. Skupni potencial za zmanj\u0161anje rabe energije zaradi izvedbe ukrepov, [&hellip;]<\/p>\n","protected":false},"author":1,"featured_media":0,"parent":0,"menu_order":0,"comment_status":"closed","ping_status":"closed","template":"","meta":{"footnotes":""},"class_list":["post-92","page","type-page","status-publish","hentry"],"_links":{"self":[{"href":"https:\/\/eurem.si\/index.php?rest_route=\/wp\/v2\/pages\/92","targetHints":{"allow":["GET"]}}],"collection":[{"href":"https:\/\/eurem.si\/index.php?rest_route=\/wp\/v2\/pages"}],"about":[{"href":"https:\/\/eurem.si\/index.php?rest_route=\/wp\/v2\/types\/page"}],"author":[{"embeddable":true,"href":"https:\/\/eurem.si\/index.php?rest_route=\/wp\/v2\/users\/1"}],"replies":[{"embeddable":true,"href":"https:\/\/eurem.si\/index.php?rest_route=%2Fwp%2Fv2%2Fcomments&post=92"}],"version-history":[{"count":38,"href":"https:\/\/eurem.si\/index.php?rest_route=\/wp\/v2\/pages\/92\/revisions"}],"predecessor-version":[{"id":528,"href":"https:\/\/eurem.si\/index.php?rest_route=\/wp\/v2\/pages\/92\/revisions\/528"}],"wp:attachment":[{"href":"https:\/\/eurem.si\/index.php?rest_route=%2Fwp%2Fv2%2Fmedia&parent=92"}],"curies":[{"name":"wp","href":"https:\/\/api.w.org\/{rel}","templated":true}]}}